{"id":828,"date":"2023-12-18T12:01:45","date_gmt":"2023-12-18T12:01:45","guid":{"rendered":"https:\/\/detektia.com\/en\/?page_id=828"},"modified":"2024-02-26T10:14:33","modified_gmt":"2024-02-26T10:14:33","slug":"team","status":"publish","type":"page","link":"https:\/\/detektia.com\/en\/team\/","title":{"rendered":"Our Team"},"content":{"rendered":"\n<div class=\"wp-block-columns is-layout-flex wp-container-core-columns-is-layout-9d6595d7 wp-block-columns-is-layout-flex\">\n<div class=\"wp-block-column is-layout-flow wp-block-column-is-layout-flow\">\n<figure class=\"wp-block-image size-full is-style-default\"><a href=\"https:\/\/detektia.com\/en\/team\/candela-sancho\/\"><img decoding=\"async\" width=\"650\" height=\"650\" src=\"https:\/\/detektia.com\/en\/wp-content\/uploads\/sites\/3\/candela-sancho-detektia.jpg\" alt=\"\" class=\"wp-image-827\" srcset=\"https:\/\/detektia.com\/en\/wp-content\/uploads\/sites\/3\/candela-sancho-detektia.jpg 650w, https:\/\/detektia.com\/en\/wp-content\/uploads\/sites\/3\/candela-sancho-detektia-300x300.jpg 300w, https:\/\/detektia.com\/en\/wp-content\/uploads\/sites\/3\/candela-sancho-detektia-150x150.jpg 150w\" sizes=\"(max-width: 650px) 100vw, 650px\" \/><\/a><\/figure>\n\n\n\n<div class=\"wp-block-columns is-layout-flex wp-container-core-columns-is-layout-9d6595d7 wp-block-columns-is-layout-flex\">\n<div class=\"wp-block-column is-layout-flow wp-block-column-is-layout-flow\">\n<p class=\"has-text-align-center has-medium-font-size\">MSc. Candela Sancho<\/p>\n\n\n\n<div class=\"wp-block-buttons alignwide is-content-justification-center is-layout-flex wp-container-core-buttons-is-layout-16018d1d wp-block-buttons-is-layout-flex\">\n<div class=\"wp-block-button has-custom-width wp-block-button__width-100\"><a class=\"wp-block-button__link wp-element-button\" href=\"https:\/\/detektia.com\/en\/team\/candela-sancho\/\" style=\"border-radius:0px\">Show profile<\/a><\/div>\n<\/div>\n<\/div>\n<\/div>\n<\/div>\n\n\n\n<div class=\"wp-block-column is-layout-flow wp-block-column-is-layout-flow\">\n<figure class=\"wp-block-image size-full\"><a href=\"https:\/\/detektia.com\/en\/team\/alfredo-fernandez-landa\/\"><img decoding=\"async\" width=\"650\" height=\"650\" src=\"https:\/\/detektia.com\/en\/wp-content\/uploads\/sites\/3\/alfredo-fernandez-landa-detektia.jpg\" alt=\"\" class=\"wp-image-826\" srcset=\"https:\/\/detektia.com\/en\/wp-content\/uploads\/sites\/3\/alfredo-fernandez-landa-detektia.jpg 650w, https:\/\/detektia.com\/en\/wp-content\/uploads\/sites\/3\/alfredo-fernandez-landa-detektia-300x300.jpg 300w, https:\/\/detektia.com\/en\/wp-content\/uploads\/sites\/3\/alfredo-fernandez-landa-detektia-150x150.jpg 150w\" sizes=\"(max-width: 650px) 100vw, 650px\" \/><\/a><\/figure>\n\n\n\n<div class=\"wp-block-columns is-layout-flex wp-container-core-columns-is-layout-9d6595d7 wp-block-columns-is-layout-flex\">\n<div class=\"wp-block-column is-layout-flow wp-block-column-is-layout-flow\">\n<p class=\"has-text-align-center has-medium-font-size\">Dr. Alfredo Fern\u00e1ndez-Landa<\/p>\n\n\n\n<div class=\"wp-block-buttons alignwide is-content-justification-center is-layout-flex wp-container-core-buttons-is-layout-16018d1d wp-block-buttons-is-layout-flex\">\n<div class=\"wp-block-button has-custom-width wp-block-button__width-100\"><a class=\"wp-block-button__link wp-element-button\" href=\"https:\/\/detektia.com\/en\/team\/alfredo-fernandez-landa\/\" style=\"border-radius:0px\">Show profile<\/a><\/div>\n<\/div>\n<\/div>\n<\/div>\n<\/div>\n\n\n\n<div class=\"wp-block-column is-layout-flow wp-block-column-is-layout-flow\">\n<figure class=\"wp-block-image size-full\"><a href=\"https:\/\/detektia.com\/en\/team\/jaime-sanchez\/\"><img decoding=\"async\" src=\"https:\/\/detektia.com\/en\/wp-content\/uploads\/sites\/3\/jaime-sanchez-detektia.jpg\" alt=\"\" class=\"wp-image-844\"\/><\/a><\/figure>\n\n\n\n<div class=\"wp-block-columns is-layout-flex wp-container-core-columns-is-layout-9d6595d7 wp-block-columns-is-layout-flex\">\n<div class=\"wp-block-column is-layout-flow wp-block-column-is-layout-flow\">\n<p class=\"has-text-align-center has-medium-font-size\">MSc. Jaime<br>S\u00e1nchez<\/p>\n\n\n\n<div class=\"wp-block-buttons alignwide is-content-justification-center is-layout-flex wp-container-core-buttons-is-layout-16018d1d wp-block-buttons-is-layout-flex\">\n<div class=\"wp-block-button has-custom-width wp-block-button__width-100\"><a class=\"wp-block-button__link wp-element-button\" href=\"https:\/\/detektia.com\/en\/team\/jaime-sanchez\/\" style=\"border-radius:0px\">Show profile<\/a><\/div>\n<\/div>\n<\/div>\n<\/div>\n<\/div>\n\n\n\n<div class=\"wp-block-column is-layout-flow wp-block-column-is-layout-flow\">\n<figure class=\"wp-block-image size-full\"><a href=\"https:\/\/detektia.com\/en\/team\/alvaro-hernandez\/\"><img decoding=\"async\" src=\"https:\/\/detektia.com\/en\/wp-content\/uploads\/sites\/3\/alvaro-hernandez-detektia.jpg\" alt=\"\" class=\"wp-image-843\"\/><\/a><\/figure>\n\n\n\n<div class=\"wp-block-columns is-layout-flex wp-container-core-columns-is-layout-9d6595d7 wp-block-columns-is-layout-flex\">\n<div class=\"wp-block-column is-layout-flow wp-block-column-is-layout-flow\">\n<p class=\"has-text-align-center has-medium-font-size\">Dr. Alvaro Hernandez<\/p>\n\n\n\n<div class=\"wp-block-buttons alignwide is-content-justification-center is-layout-flex wp-container-core-buttons-is-layout-16018d1d wp-block-buttons-is-layout-flex\">\n<div class=\"wp-block-button has-custom-width wp-block-button__width-100\"><a class=\"wp-block-button__link wp-element-button\" href=\"https:\/\/detektia.com\/en\/team\/alvaro-hernandez\/\" style=\"border-radius:0px\">Show profile<\/a><\/div>\n<\/div>\n<\/div>\n<\/div>\n<\/div>\n<\/div>\n\n\n\n<div class=\"wp-block-columns is-layout-flex wp-container-core-columns-is-layout-9d6595d7 wp-block-columns-is-layout-flex\">\n<div class=\"wp-block-column is-layout-flow wp-block-column-is-layout-flow\">\n<figure class=\"wp-block-image size-full is-style-default\"><a href=\"https:\/\/detektia.com\/en\/team\/vrinda-krishnakumar\/\"><img decoding=\"async\" src=\"https:\/\/detektia.com\/en\/wp-content\/uploads\/sites\/3\/vrinda-krishnakumar-detektia.jpg\" alt=\"\" class=\"wp-image-847\"\/><\/a><\/figure>\n\n\n\n<div class=\"wp-block-columns is-layout-flex wp-container-core-columns-is-layout-9d6595d7 wp-block-columns-is-layout-flex\">\n<div class=\"wp-block-column is-layout-flow wp-block-column-is-layout-flow\">\n<p class=\"has-text-align-center has-medium-font-size\">Dr. Vrinda Krishnakumar<\/p>\n\n\n\n<div class=\"wp-block-buttons alignwide is-content-justification-center is-layout-flex wp-container-core-buttons-is-layout-16018d1d wp-block-buttons-is-layout-flex\">\n<div class=\"wp-block-button has-custom-width wp-block-button__width-100\"><a class=\"wp-block-button__link wp-element-button\" href=\"https:\/\/detektia.com\/en\/team\/vrinda-krishnakumar\/\" style=\"border-radius:0px\">Show profile<\/a><\/div>\n<\/div>\n<\/div>\n<\/div>\n<\/div>\n\n\n\n<div class=\"wp-block-column is-layout-flow wp-block-column-is-layout-flow\">\n<figure class=\"wp-block-image size-full\"><a href=\"https:\/\/detektia.com\/en\/team\/ruben-martinez\/\"><img decoding=\"async\" width=\"400\" height=\"400\" src=\"https:\/\/detektia.com\/en\/wp-content\/uploads\/sites\/3\/ruben-martinez-detektia.jpg\" alt=\"\" class=\"wp-image-846\" srcset=\"https:\/\/detektia.com\/en\/wp-content\/uploads\/sites\/3\/ruben-martinez-detektia.jpg 400w, https:\/\/detektia.com\/en\/wp-content\/uploads\/sites\/3\/ruben-martinez-detektia-300x300.jpg 300w, https:\/\/detektia.com\/en\/wp-content\/uploads\/sites\/3\/ruben-martinez-detektia-150x150.jpg 150w\" sizes=\"(max-width: 400px) 100vw, 400px\" \/><\/a><\/figure>\n\n\n\n<div class=\"wp-block-columns is-layout-flex wp-container-core-columns-is-layout-9d6595d7 wp-block-columns-is-layout-flex\">\n<div class=\"wp-block-column is-layout-flow wp-block-column-is-layout-flow\">\n<p class=\"has-text-align-center has-medium-font-size\">Dr. Rub\u00e9n<br>Mart\u00ednez<\/p>\n\n\n\n<div class=\"wp-block-buttons alignwide is-content-justification-center is-layout-flex wp-container-core-buttons-is-layout-16018d1d wp-block-buttons-is-layout-flex\">\n<div class=\"wp-block-button has-custom-width wp-block-button__width-100\"><a class=\"wp-block-button__link wp-element-button\" href=\"https:\/\/detektia.com\/en\/team\/ruben-martinez\/\" style=\"border-radius:0px\">Show profile<\/a><\/div>\n<\/div>\n<\/div>\n<\/div>\n<\/div>\n\n\n\n<div class=\"wp-block-column is-layout-flow wp-block-column-is-layout-flow\">\n<figure class=\"wp-block-image size-full\"><a href=\"https:\/\/detektia.com\/en\/team\/miguel-marchamalo\/\"><img decoding=\"async\" width=\"240\" height=\"240\" src=\"https:\/\/detektia.com\/en\/wp-content\/uploads\/sites\/3\/miguel-marchamalo-detektia.jpg\" alt=\"\" class=\"wp-image-845\" srcset=\"https:\/\/detektia.com\/en\/wp-content\/uploads\/sites\/3\/miguel-marchamalo-detektia.jpg 240w, https:\/\/detektia.com\/en\/wp-content\/uploads\/sites\/3\/miguel-marchamalo-detektia-150x150.jpg 150w\" sizes=\"(max-width: 240px) 100vw, 240px\" \/><\/a><\/figure>\n\n\n\n<div class=\"wp-block-columns is-layout-flex wp-container-core-columns-is-layout-9d6595d7 wp-block-columns-is-layout-flex\">\n<div class=\"wp-block-column is-layout-flow wp-block-column-is-layout-flow\">\n<p class=\"has-text-align-center has-medium-font-size\">Dr. Miguel Marchamalo<\/p>\n\n\n\n<div class=\"wp-block-buttons alignwide is-content-justification-center is-layout-flex wp-container-core-buttons-is-layout-16018d1d wp-block-buttons-is-layout-flex\">\n<div class=\"wp-block-button has-custom-width wp-block-button__width-100\"><a class=\"wp-block-button__link wp-element-button\" href=\"https:\/\/detektia.com\/en\/team\/miguel-marchamalo\/\" style=\"border-radius:0px\">Show profile<\/a><\/div>\n<\/div>\n<\/div>\n<\/div>\n<\/div>\n\n\n\n<div class=\"wp-block-column is-layout-flow wp-block-column-is-layout-flow\">\n<p class=\"has-text-align-center has-medium-font-size\"><\/p>\n<\/div>\n<\/div>\n","protected":false},"excerpt":{"rendered":"<p>MSc. Candela Sancho Dr. Alfredo Fern\u00e1ndez-Landa MSc. JaimeS\u00e1nchez Dr. Alvaro Hernandez Dr. Vrinda Krishnakumar Dr. Rub\u00e9nMart\u00ednez Dr. Miguel Marchamalo<\/p>\n","protected":false},"author":1,"featured_media":0,"parent":0,"menu_order":0,"comment_status":"closed","ping_status":"closed","template":"","meta":{"footnotes":""},"class_list":{"0":"post-828","1":"page","2":"type-page","3":"status-publish","5":"no-featured-image-padding"},"yoast_head":"<!-- This site is optimized with the Yoast SEO plugin v25.6 - https:\/\/yoast.com\/wordpress\/plugins\/seo\/ -->\n<title>Our Team - Detektia Earth Surface Monitoring<\/title>\n<meta name=\"robots\" content=\"noindex, follow\" \/>\n<meta property=\"og:locale\" content=\"en_US\" \/>\n<meta property=\"og:type\" content=\"article\" \/>\n<meta property=\"og:title\" content=\"Our Team - Detektia Earth Surface Monitoring\" \/>\n<meta property=\"og:description\" content=\"MSc. Candela Sancho Dr. Alfredo Fern\u00e1ndez-Landa MSc. JaimeS\u00e1nchez Dr. Alvaro Hernandez Dr. Vrinda Krishnakumar Dr. Rub\u00e9nMart\u00ednez Dr. Miguel Marchamalo\" \/>\n<meta property=\"og:url\" content=\"https:\/\/detektia.com\/en\/team\/\" \/>\n<meta property=\"og:site_name\" content=\"Detektia Earth Surface Monitoring\" \/>\n<meta property=\"article:modified_time\" content=\"2024-02-26T10:14:33+00:00\" \/>\n<meta property=\"og:image\" content=\"https:\/\/detektia.com\/en\/wp-content\/uploads\/sites\/3\/candela-sancho-detektia.jpg\" \/>\n<meta name=\"twitter:card\" content=\"summary_large_image\" \/>\n<meta name=\"twitter:site\" content=\"@detektia\" \/>\n<!-- \/ Yoast SEO plugin. -->","yoast_head_json":{"title":"Our Team - Detektia Earth Surface Monitoring","robots":{"index":"noindex","follow":"follow"},"og_locale":"en_US","og_type":"article","og_title":"Our Team - Detektia Earth Surface Monitoring","og_description":"MSc. Candela Sancho Dr. Alfredo Fern\u00e1ndez-Landa MSc. JaimeS\u00e1nchez Dr. Alvaro Hernandez Dr. Vrinda Krishnakumar Dr. Rub\u00e9nMart\u00ednez Dr. Miguel Marchamalo","og_url":"https:\/\/detektia.com\/en\/team\/","og_site_name":"Detektia Earth Surface Monitoring","article_modified_time":"2024-02-26T10:14:33+00:00","og_image":[{"url":"https:\/\/detektia.com\/en\/wp-content\/uploads\/sites\/3\/candela-sancho-detektia.jpg","type":"","width":"","height":""}],"twitter_card":"summary_large_image","twitter_site":"@detektia","schema":{"@context":"https:\/\/schema.org","@graph":[{"@type":"WebPage","@id":"https:\/\/detektia.com\/en\/team\/","url":"https:\/\/detektia.com\/en\/team\/","name":"Our Team - Detektia Earth Surface Monitoring","isPartOf":{"@id":"https:\/\/detektia.com\/en\/#website"},"primaryImageOfPage":{"@id":"https:\/\/detektia.com\/en\/team\/#primaryimage"},"image":{"@id":"https:\/\/detektia.com\/en\/team\/#primaryimage"},"thumbnailUrl":"https:\/\/detektia.com\/en\/wp-content\/uploads\/sites\/3\/candela-sancho-detektia.jpg","datePublished":"2023-12-18T12:01:45+00:00","dateModified":"2024-02-26T10:14:33+00:00","breadcrumb":{"@id":"https:\/\/detektia.com\/en\/team\/#breadcrumb"},"inLanguage":"en-US","potentialAction":[{"@type":"ReadAction","target":["https:\/\/detektia.com\/en\/team\/"]}]},{"@type":"ImageObject","inLanguage":"en-US","@id":"https:\/\/detektia.com\/en\/team\/#primaryimage","url":"https:\/\/detektia.com\/en\/wp-content\/uploads\/sites\/3\/candela-sancho-detektia.jpg","contentUrl":"https:\/\/detektia.com\/en\/wp-content\/uploads\/sites\/3\/candela-sancho-detektia.jpg","width":650,"height":650},{"@type":"BreadcrumbList","@id":"https:\/\/detektia.com\/en\/team\/#breadcrumb","itemListElement":[{"@type":"ListItem","position":1,"name":"Home","item":"https:\/\/detektia.com\/en\/"},{"@type":"ListItem","position":2,"name":"Our Team"}]},{"@type":"WebSite","@id":"https:\/\/detektia.com\/en\/#website","url":"https:\/\/detektia.com\/en\/","name":"Detektia Earth Surface Monitoring","description":"Detektia","publisher":{"@id":"https:\/\/detektia.com\/en\/#organization"},"potentialAction":[{"@type":"SearchAction","target":{"@type":"EntryPoint","urlTemplate":"https:\/\/detektia.com\/en\/?s={search_term_string}"},"query-input":{"@type":"PropertyValueSpecification","valueRequired":true,"valueName":"search_term_string"}}],"inLanguage":"en-US"},{"@type":"Organization","@id":"https:\/\/detektia.com\/en\/#organization","name":"Detektia Earth Surface SL","url":"https:\/\/detektia.com\/en\/","logo":{"@type":"ImageObject","inLanguage":"en-US","@id":"https:\/\/detektia.com\/en\/#\/schema\/logo\/image\/","url":"https:\/\/detektia.com\/en\/wp-content\/uploads\/sites\/3\/2022\/09\/logo-detektia.png","contentUrl":"https:\/\/detektia.com\/en\/wp-content\/uploads\/sites\/3\/2022\/09\/logo-detektia.png","width":250,"height":55,"caption":"Detektia Earth Surface SL"},"image":{"@id":"https:\/\/detektia.com\/en\/#\/schema\/logo\/image\/"},"sameAs":["https:\/\/x.com\/detektia","https:\/\/es.linkedin.com\/organization-guest\/company\/detektiamonitoring"]}]}},"_links":{"self":[{"href":"https:\/\/detektia.com\/en\/wp-json\/wp\/v2\/pages\/828","targetHints":{"allow":["GET"]}}],"collection":[{"href":"https:\/\/detektia.com\/en\/wp-json\/wp\/v2\/pages"}],"about":[{"href":"https:\/\/detektia.com\/en\/wp-json\/wp\/v2\/types\/page"}],"author":[{"embeddable":true,"href":"https:\/\/detektia.com\/en\/wp-json\/wp\/v2\/users\/1"}],"replies":[{"embeddable":true,"href":"https:\/\/detektia.com\/en\/wp-json\/wp\/v2\/comments?post=828"}],"version-history":[{"count":14,"href":"https:\/\/detektia.com\/en\/wp-json\/wp\/v2\/pages\/828\/revisions"}],"predecessor-version":[{"id":940,"href":"https:\/\/detektia.com\/en\/wp-json\/wp\/v2\/pages\/828\/revisions\/940"}],"wp:attachment":[{"href":"https:\/\/detektia.com\/en\/wp-json\/wp\/v2\/media?parent=828"}],"curies":[{"name":"wp","href":"https:\/\/api.w.org\/{rel}","templated":true}]}}